{"id":908,"date":"2021-12-02T13:10:24","date_gmt":"2021-12-02T12:10:24","guid":{"rendered":"http:\/\/localhost\/webcreation\/?page_id=908"},"modified":"2021-12-26T16:43:53","modified_gmt":"2021-12-26T15:43:53","slug":"l2col2","status":"publish","type":"page","link":"https:\/\/www.site-internet-nyon.ch\/?page_id=908","title":{"rendered":"Conception"},"content":{"rendered":"<p>Vous manquez d\u2019id\u00e9es ou d&rsquo;imaginations\u2026 Nous sommes l\u00e0 pour vous guide et sugg\u00e9rer des propositions afin que votre site r\u00e9ponde vraiment \u00e0 vos besoins.<br \/>\nNotre objectif est d&rsquo;optimiser, concevoir votre visibilit\u00e9 afin d&rsquo;avoir une publicit\u00e9 optimale en vous offrant des solutions num\u00e9riques de pointe.<\/p>\n","protected":false},"excerpt":{"rendered":"<p>Vous manquez  d\u2019id\u00e9es ou d&rsquo;imaginations\u2026 Nous sommes l\u00e0 pour vous guide et  sugg\u00e9rer des propositions afin que votre site r\u00e9ponde vraiment \u00e0 vos besoins.<br \/>\nNotre objectif est d&rsquo;optimiser, concevoir votre visibilit\u00e9 afin d&rsquo;avoir une publicit\u00e9 optimale en vous offrant des solutions num\u00e9riques de pointe.<\/p>\n","protected":false},"author":1,"featured_media":1831,"parent":0,"menu_order":0,"comment_status":"closed","ping_status":"closed","template":"my_page_droite_select_ext.php","meta":{"_mi_skip_tracking":false,"footnotes":""},"categories":[],"tags":[],"class_list":["post-908","page","type-page","status-publish","has-post-thumbnail","hentry"],"yoast_head":"<!-- This site is optimized with the Yoast SEO plugin v19.12 - https:\/\/yoast.com\/wordpress\/plugins\/seo\/ -->\n<title>Conception - Cr\u00e9ation de sites internet - Nyon<\/title>\n<meta name=\"robots\" content=\"index, follow, max-snippet:-1, max-image-preview:large, max-video-preview:-1\" \/>\n<link rel=\"canonical\" href=\"https:\/\/www.site-internet-nyon.ch\/?page_id=908\" \/>\n<meta property=\"og:locale\" content=\"fr_FR\" \/>\n<meta property=\"og:type\" content=\"article\" \/>\n<meta property=\"og:title\" content=\"Conception - Cr\u00e9ation de sites internet - Nyon\" \/>\n<meta property=\"og:description\" content=\"Vous manquez d\u2019id\u00e9es ou d&#039;imaginations\u2026 Nous sommes l\u00e0 pour vous guide et sugg\u00e9rer des propositions afin que votre site r\u00e9ponde vraiment \u00e0 vos besoins. Notre objectif est d&#039;optimiser, concevoir votre visibilit\u00e9 afin d&#039;avoir une publicit\u00e9 optimale en vous offrant des solutions num\u00e9riques de pointe.\" \/>\n<meta property=\"og:url\" content=\"https:\/\/www.site-internet-nyon.ch\/?page_id=908\" \/>\n<meta property=\"og:site_name\" content=\"Cr\u00e9ation de sites internet - Nyon\" \/>\n<meta property=\"article:modified_time\" content=\"2021-12-26T15:43:53+00:00\" \/>\n<meta property=\"og:image\" content=\"https:\/\/www.site-internet-nyon.ch\/wp-content\/uploads\/2021\/12\/mobile_150_03.png\" \/>\n\t<meta property=\"og:image:width\" content=\"150\" \/>\n\t<meta property=\"og:image:height\" content=\"150\" \/>\n\t<meta property=\"og:image:type\" content=\"image\/png\" \/>\n<meta name=\"twitter:card\" content=\"summary_large_image\" \/>\n<script type=\"application\/ld+json\" class=\"yoast-schema-graph\">{\"@context\":\"https:\/\/schema.org\",\"@graph\":[{\"@type\":\"WebPage\",\"@id\":\"https:\/\/www.site-internet-nyon.ch\/?page_id=908\",\"url\":\"https:\/\/www.site-internet-nyon.ch\/?page_id=908\",\"name\":\"Conception - Cr\u00e9ation de sites internet - Nyon\",\"isPartOf\":{\"@id\":\"https:\/\/www.site-internet-nyon.ch\/#website\"},\"datePublished\":\"2021-12-02T12:10:24+00:00\",\"dateModified\":\"2021-12-26T15:43:53+00:00\",\"breadcrumb\":{\"@id\":\"https:\/\/www.site-internet-nyon.ch\/?page_id=908#breadcrumb\"},\"inLanguage\":\"fr-FR\",\"potentialAction\":[{\"@type\":\"ReadAction\",\"target\":[\"https:\/\/www.site-internet-nyon.ch\/?page_id=908\"]}]},{\"@type\":\"BreadcrumbList\",\"@id\":\"https:\/\/www.site-internet-nyon.ch\/?page_id=908#breadcrumb\",\"itemListElement\":[{\"@type\":\"ListItem\",\"position\":1,\"name\":\"Accueil\",\"item\":\"https:\/\/www.site-internet-nyon.ch\/\"},{\"@type\":\"ListItem\",\"position\":2,\"name\":\"Conception\"}]},{\"@type\":\"WebSite\",\"@id\":\"https:\/\/www.site-internet-nyon.ch\/#website\",\"url\":\"https:\/\/www.site-internet-nyon.ch\/\",\"name\":\"Cr\u00e9ation de sites internet - Nyon\",\"description\":\"cr\u00e9ation site internet nyon\",\"publisher\":{\"@id\":\"https:\/\/www.site-internet-nyon.ch\/#organization\"},\"potentialAction\":[{\"@type\":\"SearchAction\",\"target\":{\"@type\":\"EntryPoint\",\"urlTemplate\":\"https:\/\/www.site-internet-nyon.ch\/?s={search_term_string}\"},\"query-input\":\"required name=search_term_string\"}],\"inLanguage\":\"fr-FR\"},{\"@type\":\"Organization\",\"@id\":\"https:\/\/www.site-internet-nyon.ch\/#organization\",\"name\":\"site internet nyon\",\"url\":\"https:\/\/www.site-internet-nyon.ch\/\",\"logo\":{\"@type\":\"ImageObject\",\"inLanguage\":\"fr-FR\",\"@id\":\"https:\/\/www.site-internet-nyon.ch\/#\/schema\/logo\/image\/\",\"url\":\"https:\/\/www.site-internet-nyon.ch\/wp-content\/uploads\/2021\/12\/cropped-\u2014Pngtree\u2014gear-icon_4812867-e1638386001757-2.png\",\"contentUrl\":\"https:\/\/www.site-internet-nyon.ch\/wp-content\/uploads\/2021\/12\/cropped-\u2014Pngtree\u2014gear-icon_4812867-e1638386001757-2.png\",\"width\":512,\"height\":512,\"caption\":\"site internet nyon\"},\"image\":{\"@id\":\"https:\/\/www.site-internet-nyon.ch\/#\/schema\/logo\/image\/\"}}]}<\/script>\n<!-- \/ Yoast SEO plugin. -->","yoast_head_json":{"title":"Conception - Cr\u00e9ation de sites internet - Nyon","robots":{"index":"index","follow":"follow","max-snippet":"max-snippet:-1","max-image-preview":"max-image-preview:large","max-video-preview":"max-video-preview:-1"},"canonical":"https:\/\/www.site-internet-nyon.ch\/?page_id=908","og_locale":"fr_FR","og_type":"article","og_title":"Conception - Cr\u00e9ation de sites internet - Nyon","og_description":"Vous manquez d\u2019id\u00e9es ou d'imaginations\u2026 Nous sommes l\u00e0 pour vous guide et sugg\u00e9rer des propositions afin que votre site r\u00e9ponde vraiment \u00e0 vos besoins. Notre objectif est d'optimiser, concevoir votre visibilit\u00e9 afin d'avoir une publicit\u00e9 optimale en vous offrant des solutions num\u00e9riques de pointe.","og_url":"https:\/\/www.site-internet-nyon.ch\/?page_id=908","og_site_name":"Cr\u00e9ation de sites internet - Nyon","article_modified_time":"2021-12-26T15:43:53+00:00","og_image":[{"width":150,"height":150,"url":"https:\/\/www.site-internet-nyon.ch\/wp-content\/uploads\/2021\/12\/mobile_150_03.png","type":"image\/png"}],"twitter_card":"summary_large_image","schema":{"@context":"https:\/\/schema.org","@graph":[{"@type":"WebPage","@id":"https:\/\/www.site-internet-nyon.ch\/?page_id=908","url":"https:\/\/www.site-internet-nyon.ch\/?page_id=908","name":"Conception - Cr\u00e9ation de sites internet - Nyon","isPartOf":{"@id":"https:\/\/www.site-internet-nyon.ch\/#website"},"datePublished":"2021-12-02T12:10:24+00:00","dateModified":"2021-12-26T15:43:53+00:00","breadcrumb":{"@id":"https:\/\/www.site-internet-nyon.ch\/?page_id=908#breadcrumb"},"inLanguage":"fr-FR","potentialAction":[{"@type":"ReadAction","target":["https:\/\/www.site-internet-nyon.ch\/?page_id=908"]}]},{"@type":"BreadcrumbList","@id":"https:\/\/www.site-internet-nyon.ch\/?page_id=908#breadcrumb","itemListElement":[{"@type":"ListItem","position":1,"name":"Accueil","item":"https:\/\/www.site-internet-nyon.ch\/"},{"@type":"ListItem","position":2,"name":"Conception"}]},{"@type":"WebSite","@id":"https:\/\/www.site-internet-nyon.ch\/#website","url":"https:\/\/www.site-internet-nyon.ch\/","name":"Cr\u00e9ation de sites internet - Nyon","description":"cr\u00e9ation site internet nyon","publisher":{"@id":"https:\/\/www.site-internet-nyon.ch\/#organization"},"potentialAction":[{"@type":"SearchAction","target":{"@type":"EntryPoint","urlTemplate":"https:\/\/www.site-internet-nyon.ch\/?s={search_term_string}"},"query-input":"required name=search_term_string"}],"inLanguage":"fr-FR"},{"@type":"Organization","@id":"https:\/\/www.site-internet-nyon.ch\/#organization","name":"site internet nyon","url":"https:\/\/www.site-internet-nyon.ch\/","logo":{"@type":"ImageObject","inLanguage":"fr-FR","@id":"https:\/\/www.site-internet-nyon.ch\/#\/schema\/logo\/image\/","url":"https:\/\/www.site-internet-nyon.ch\/wp-content\/uploads\/2021\/12\/cropped-\u2014Pngtree\u2014gear-icon_4812867-e1638386001757-2.png","contentUrl":"https:\/\/www.site-internet-nyon.ch\/wp-content\/uploads\/2021\/12\/cropped-\u2014Pngtree\u2014gear-icon_4812867-e1638386001757-2.png","width":512,"height":512,"caption":"site internet nyon"},"image":{"@id":"https:\/\/www.site-internet-nyon.ch\/#\/schema\/logo\/image\/"}}]}},"_links":{"self":[{"href":"https:\/\/www.site-internet-nyon.ch\/index.php?rest_route=\/wp\/v2\/pages\/908","targetHints":{"allow":["GET"]}}],"collection":[{"href":"https:\/\/www.site-internet-nyon.ch\/index.php?rest_route=\/wp\/v2\/pages"}],"about":[{"href":"https:\/\/www.site-internet-nyon.ch\/index.php?rest_route=\/wp\/v2\/types\/page"}],"author":[{"embeddable":true,"href":"https:\/\/www.site-internet-nyon.ch\/index.php?rest_route=\/wp\/v2\/users\/1"}],"replies":[{"embeddable":true,"href":"https:\/\/www.site-internet-nyon.ch\/index.php?rest_route=%2Fwp%2Fv2%2Fcomments&post=908"}],"version-history":[{"count":19,"href":"https:\/\/www.site-internet-nyon.ch\/index.php?rest_route=\/wp\/v2\/pages\/908\/revisions"}],"predecessor-version":[{"id":2101,"href":"https:\/\/www.site-internet-nyon.ch\/index.php?rest_route=\/wp\/v2\/pages\/908\/revisions\/2101"}],"wp:featuredmedia":[{"embeddable":true,"href":"https:\/\/www.site-internet-nyon.ch\/index.php?rest_route=\/wp\/v2\/media\/1831"}],"wp:attachment":[{"href":"https:\/\/www.site-internet-nyon.ch\/index.php?rest_route=%2Fwp%2Fv2%2Fmedia&parent=908"}],"wp:term":[{"taxonomy":"category","embeddable":true,"href":"https:\/\/www.site-internet-nyon.ch\/index.php?rest_route=%2Fwp%2Fv2%2Fcategories&post=908"},{"taxonomy":"post_tag","embeddable":true,"href":"https:\/\/www.site-internet-nyon.ch\/index.php?rest_route=%2Fwp%2Fv2%2Ftags&post=908"}],"curies":[{"name":"wp","href":"https:\/\/api.w.org\/{rel}","templated":true}]}}