{"id":632,"date":"2021-11-30T16:45:12","date_gmt":"2021-11-30T15:45:12","guid":{"rendered":"http:\/\/localhost\/webcreation\/?page_id=632"},"modified":"2022-01-07T14:24:58","modified_gmt":"2022-01-07T13:24:58","slug":"homepage","status":"publish","type":"page","link":"https:\/\/www.site-internet-nyon.ch\/","title":{"rendered":"accueil"},"content":{"rendered":"<p><script>\njQuery(window).bind(\"pageshow\", function(event) {\nif(\/Android|webOS|iPhone|iPad|iPod|BlackBerry|IEMobile|Opera Mini\/i.test(navigator.userAgent) ) {\nif (event.originalEvent.persisted) {\nwindow.location.reload() \n}\n}\n});\n\/\/alert(\"ici\");\n\/*jQuery('.attachment-featured.size-featured.wp-post-image:nth(2)').css('background','#f2f2f2');\njQuery('.attachment-featured.size-featured.wp-post-image:nth(2)').css('padding','5px');*\/\njQuery('.attachment-featured.size-featured.wp-post-image:nth(2)').css({'background':'#f2f2f2','padding':'8px','border-radius':' 15px 0'});\njQuery('.main-navigation ul li:nth-child(4)').css('color','red');\n\/\/jQuery('.main-navigation ul li:nth-child(4) a').removeAttr(\"href\");\njQuery('.widget-title a').removeAttr(\"href\");\njQuery(\".widget-title a\").hover(function(){\njQuery(this).css(\"color\", \"#444\");\n});\n\/\/jQuery('a[title=\"Connectez-vous\"]').removeAttr(\"href\");\n\/\/jQuery('#block-16').css(\"display\",\"none\");\/\/ok\n\/\/jQuery(document).ready(function(){jQuery(\"#search-2\").css(\"display\",\"none\");});\n\/\/jQuery(\"#search-2\").css(\"display\",\"none\");\n\/\/document.getElementById(search-2).style.display='none';\/\/pas ok\n\/\/jQuery(\"body\").css(\"padding-top\",\"0px\");\/\/\n\/\/jQuery('h1#site-title').after('<hr' + \" class='type_10'\" + \">\");\/\/ok\njQuery('#spacious_service_widget-5').after('<hr' + \" class='type_10'\" + \">\");\/\/ok\njQuery('.more-link-wrap:nth(2)').remove();\njQuery('.more-link-wrap:nth(3)').remove();\njQuery('.service-image a').removeAttr(\"href\");\/\/pour les images de montrez votre travail\n\/\/jQuery('div.wp-block-image:nth-child(1))').css('background','#fff');\ndocument.getElementsByClassName('wp-block-image')[2].style.background = \"#fff\";\n\/\/jQuery(\"figure:nth(1)\").load(\"www.site-internet-nyon.ch\/wp-content\/themes\/spacious-child\/imgtext.html\");\njQuery(\".more-link\").html(\"<span style='color:#a41616'>Lire la suite maintenant<\/span>\");\njQuery(\".read-more\").html(\"<span style='color:#a41616'>Lire la suite maintenant<\/span>\");\njQuery(\"#spacious_call_to_action_widget-4\").load(\"https:\/\/www.site-internet-nyon.ch\/wp-content\/themes\/spacious-child\/video.html\");\n<\/script><\/p>\n","protected":false},"excerpt":{"rendered":"","protected":false},"author":1,"featured_media":0,"parent":0,"menu_order":0,"comment_status":"closed","ping_status":"closed","template":"ma_business.php","meta":{"_mi_skip_tracking":false,"footnotes":""},"categories":[],"tags":[],"class_list":["post-632","page","type-page","status-publish","hentry"],"yoast_head":"<!-- This site is optimized with the Yoast SEO plugin v19.12 - https:\/\/yoast.com\/wordpress\/plugins\/seo\/ -->\n<title>accueil - Cr\u00e9ation de sites internet - Nyon<\/title>\n<meta name=\"description\" content=\"Cr\u00e9ation de site internet Nyon, Rolle, Morges. Graphisme personnalis\u00e9. Du sur mesure. Conseil. Programmation html, javascript, PHP, mySql,etc..\" \/>\n<meta name=\"robots\" content=\"index, follow, max-snippet:-1, max-image-preview:large, max-video-preview:-1\" \/>\n<link rel=\"canonical\" href=\"https:\/\/www.site-internet-nyon.ch\/\" \/>\n<meta property=\"og:locale\" content=\"fr_FR\" \/>\n<meta property=\"og:type\" content=\"article\" \/>\n<meta property=\"og:title\" content=\"accueil - Cr\u00e9ation de sites internet - Nyon\" \/>\n<meta property=\"og:description\" content=\"Cr\u00e9ation de site internet Nyon, Rolle, Morges. Graphisme personnalis\u00e9. Du sur mesure. Conseil. Programmation html, javascript, PHP, mySql,etc..\" \/>\n<meta property=\"og:url\" content=\"https:\/\/www.site-internet-nyon.ch\/\" \/>\n<meta property=\"og:site_name\" content=\"Cr\u00e9ation de sites internet - Nyon\" \/>\n<meta property=\"article:modified_time\" content=\"2022-01-07T13:24:58+00:00\" \/>\n<meta name=\"twitter:card\" content=\"summary_large_image\" \/>\n<script type=\"application\/ld+json\" class=\"yoast-schema-graph\">{\"@context\":\"https:\/\/schema.org\",\"@graph\":[{\"@type\":\"WebPage\",\"@id\":\"https:\/\/www.site-internet-nyon.ch\/\",\"url\":\"https:\/\/www.site-internet-nyon.ch\/\",\"name\":\"accueil - Cr\u00e9ation de sites internet - Nyon\",\"isPartOf\":{\"@id\":\"https:\/\/www.site-internet-nyon.ch\/#website\"},\"datePublished\":\"2021-11-30T15:45:12+00:00\",\"dateModified\":\"2022-01-07T13:24:58+00:00\",\"description\":\"Cr\u00e9ation de site internet Nyon, Rolle, Morges. Graphisme personnalis\u00e9. Du sur mesure. Conseil. Programmation html, javascript, PHP, mySql,etc..\",\"breadcrumb\":{\"@id\":\"https:\/\/www.site-internet-nyon.ch\/#breadcrumb\"},\"inLanguage\":\"fr-FR\",\"potentialAction\":[{\"@type\":\"ReadAction\",\"target\":[\"https:\/\/www.site-internet-nyon.ch\/\"]}]},{\"@type\":\"BreadcrumbList\",\"@id\":\"https:\/\/www.site-internet-nyon.ch\/#breadcrumb\",\"itemListElement\":[{\"@type\":\"ListItem\",\"position\":1,\"name\":\"Accueil\",\"item\":\"https:\/\/www.site-internet-nyon.ch\/\"},{\"@type\":\"ListItem\",\"position\":2,\"name\":\"accueil\"}]},{\"@type\":\"WebSite\",\"@id\":\"https:\/\/www.site-internet-nyon.ch\/#website\",\"url\":\"https:\/\/www.site-internet-nyon.ch\/\",\"name\":\"Cr\u00e9ation de sites internet - Nyon\",\"description\":\"cr\u00e9ation site internet nyon\",\"publisher\":{\"@id\":\"https:\/\/www.site-internet-nyon.ch\/#organization\"},\"potentialAction\":[{\"@type\":\"SearchAction\",\"target\":{\"@type\":\"EntryPoint\",\"urlTemplate\":\"https:\/\/www.site-internet-nyon.ch\/?s={search_term_string}\"},\"query-input\":\"required name=search_term_string\"}],\"inLanguage\":\"fr-FR\"},{\"@type\":\"Organization\",\"@id\":\"https:\/\/www.site-internet-nyon.ch\/#organization\",\"name\":\"site internet nyon\",\"url\":\"https:\/\/www.site-internet-nyon.ch\/\",\"logo\":{\"@type\":\"ImageObject\",\"inLanguage\":\"fr-FR\",\"@id\":\"https:\/\/www.site-internet-nyon.ch\/#\/schema\/logo\/image\/\",\"url\":\"https:\/\/www.site-internet-nyon.ch\/wp-content\/uploads\/2021\/12\/cropped-\u2014Pngtree\u2014gear-icon_4812867-e1638386001757-2.png\",\"contentUrl\":\"https:\/\/www.site-internet-nyon.ch\/wp-content\/uploads\/2021\/12\/cropped-\u2014Pngtree\u2014gear-icon_4812867-e1638386001757-2.png\",\"width\":512,\"height\":512,\"caption\":\"site internet nyon\"},\"image\":{\"@id\":\"https:\/\/www.site-internet-nyon.ch\/#\/schema\/logo\/image\/\"}}]}<\/script>\n<!-- \/ Yoast SEO plugin. -->","yoast_head_json":{"title":"accueil - Cr\u00e9ation de sites internet - Nyon","description":"Cr\u00e9ation de site internet Nyon, Rolle, Morges. Graphisme personnalis\u00e9. Du sur mesure. Conseil. Programmation html, javascript, PHP, mySql,etc..","robots":{"index":"index","follow":"follow","max-snippet":"max-snippet:-1","max-image-preview":"max-image-preview:large","max-video-preview":"max-video-preview:-1"},"canonical":"https:\/\/www.site-internet-nyon.ch\/","og_locale":"fr_FR","og_type":"article","og_title":"accueil - Cr\u00e9ation de sites internet - Nyon","og_description":"Cr\u00e9ation de site internet Nyon, Rolle, Morges. Graphisme personnalis\u00e9. Du sur mesure. Conseil. Programmation html, javascript, PHP, mySql,etc..","og_url":"https:\/\/www.site-internet-nyon.ch\/","og_site_name":"Cr\u00e9ation de sites internet - Nyon","article_modified_time":"2022-01-07T13:24:58+00:00","twitter_card":"summary_large_image","schema":{"@context":"https:\/\/schema.org","@graph":[{"@type":"WebPage","@id":"https:\/\/www.site-internet-nyon.ch\/","url":"https:\/\/www.site-internet-nyon.ch\/","name":"accueil - Cr\u00e9ation de sites internet - Nyon","isPartOf":{"@id":"https:\/\/www.site-internet-nyon.ch\/#website"},"datePublished":"2021-11-30T15:45:12+00:00","dateModified":"2022-01-07T13:24:58+00:00","description":"Cr\u00e9ation de site internet Nyon, Rolle, Morges. Graphisme personnalis\u00e9. Du sur mesure. Conseil. Programmation html, javascript, PHP, mySql,etc..","breadcrumb":{"@id":"https:\/\/www.site-internet-nyon.ch\/#breadcrumb"},"inLanguage":"fr-FR","potentialAction":[{"@type":"ReadAction","target":["https:\/\/www.site-internet-nyon.ch\/"]}]},{"@type":"BreadcrumbList","@id":"https:\/\/www.site-internet-nyon.ch\/#breadcrumb","itemListElement":[{"@type":"ListItem","position":1,"name":"Accueil","item":"https:\/\/www.site-internet-nyon.ch\/"},{"@type":"ListItem","position":2,"name":"accueil"}]},{"@type":"WebSite","@id":"https:\/\/www.site-internet-nyon.ch\/#website","url":"https:\/\/www.site-internet-nyon.ch\/","name":"Cr\u00e9ation de sites internet - Nyon","description":"cr\u00e9ation site internet nyon","publisher":{"@id":"https:\/\/www.site-internet-nyon.ch\/#organization"},"potentialAction":[{"@type":"SearchAction","target":{"@type":"EntryPoint","urlTemplate":"https:\/\/www.site-internet-nyon.ch\/?s={search_term_string}"},"query-input":"required name=search_term_string"}],"inLanguage":"fr-FR"},{"@type":"Organization","@id":"https:\/\/www.site-internet-nyon.ch\/#organization","name":"site internet nyon","url":"https:\/\/www.site-internet-nyon.ch\/","logo":{"@type":"ImageObject","inLanguage":"fr-FR","@id":"https:\/\/www.site-internet-nyon.ch\/#\/schema\/logo\/image\/","url":"https:\/\/www.site-internet-nyon.ch\/wp-content\/uploads\/2021\/12\/cropped-\u2014Pngtree\u2014gear-icon_4812867-e1638386001757-2.png","contentUrl":"https:\/\/www.site-internet-nyon.ch\/wp-content\/uploads\/2021\/12\/cropped-\u2014Pngtree\u2014gear-icon_4812867-e1638386001757-2.png","width":512,"height":512,"caption":"site internet nyon"},"image":{"@id":"https:\/\/www.site-internet-nyon.ch\/#\/schema\/logo\/image\/"}}]}},"_links":{"self":[{"href":"https:\/\/www.site-internet-nyon.ch\/index.php?rest_route=\/wp\/v2\/pages\/632","targetHints":{"allow":["GET"]}}],"collection":[{"href":"https:\/\/www.site-internet-nyon.ch\/index.php?rest_route=\/wp\/v2\/pages"}],"about":[{"href":"https:\/\/www.site-internet-nyon.ch\/index.php?rest_route=\/wp\/v2\/types\/page"}],"author":[{"embeddable":true,"href":"https:\/\/www.site-internet-nyon.ch\/index.php?rest_route=\/wp\/v2\/users\/1"}],"replies":[{"embeddable":true,"href":"https:\/\/www.site-internet-nyon.ch\/index.php?rest_route=%2Fwp%2Fv2%2Fcomments&post=632"}],"version-history":[{"count":356,"href":"https:\/\/www.site-internet-nyon.ch\/index.php?rest_route=\/wp\/v2\/pages\/632\/revisions"}],"predecessor-version":[{"id":2919,"href":"https:\/\/www.site-internet-nyon.ch\/index.php?rest_route=\/wp\/v2\/pages\/632\/revisions\/2919"}],"wp:attachment":[{"href":"https:\/\/www.site-internet-nyon.ch\/index.php?rest_route=%2Fwp%2Fv2%2Fmedia&parent=632"}],"wp:term":[{"taxonomy":"category","embeddable":true,"href":"https:\/\/www.site-internet-nyon.ch\/index.php?rest_route=%2Fwp%2Fv2%2Fcategories&post=632"},{"taxonomy":"post_tag","embeddable":true,"href":"https:\/\/www.site-internet-nyon.ch\/index.php?rest_route=%2Fwp%2Fv2%2Ftags&post=632"}],"curies":[{"name":"wp","href":"https:\/\/api.w.org\/{rel}","templated":true}]}}