{"id":2926,"date":"2022-01-11T12:02:31","date_gmt":"2022-01-11T11:02:31","guid":{"rendered":"https:\/\/www.site-internet-nyon.ch\/?page_id=2926"},"modified":"2022-01-12T08:58:20","modified_gmt":"2022-01-12T07:58:20","slug":"video-1","status":"publish","type":"page","link":"https:\/\/www.site-internet-nyon.ch\/?page_id=2926","title":{"rendered":"Vid\u00e9os exemples"},"content":{"rendered":"<div><iframe loading=\"lazy\" id=\"FrameID\" onload=\"onMyFrameLoad(this)\" src=\"https:\/\/www.site-internet-nyon.ch\/static\/video_sons\/video_demo.html\" width=\"100%\" height=\"\" frameborder=\"0\" scrolling=\"no\" align=\"left\"><\/iframe>\n<\/div>\n<hr \/>\n<div>\n<h1 class=\"videoPage\" >2. Video sans audio (reste dans \u00e9cran sur iPhone), poster reload \u00e0 la fin<\/h1>\n<p><div style=\"width: 500px;\" class=\"wp-video\"><video class=\"wp-video-shortcode\" id=\"video-2926-1\" width=\"500\" height=\"200\" poster=\"https:\/\/www.site-internet-nyon.ch\/wp-content\/uploads\/2022\/01\/e_a_ecoledart.png\" preload=\"metadata\" controls=\"controls\"><source type=\"video\/mp4\" src=\"https:\/\/www.site-internet-nyon.ch\/wp-content\/uploads\/2022\/01\/e_a_ecoledart.mp4?_=1\" \/><a href=\"https:\/\/www.site-internet-nyon.ch\/wp-content\/uploads\/2022\/01\/e_a_ecoledart.mp4\">https:\/\/www.site-internet-nyon.ch\/wp-content\/uploads\/2022\/01\/e_a_ecoledart.mp4<\/a><\/video><\/div><br \/>\n<script>\njQuery(window).load(function(){\njQuery('video').attr('playsinline','');\n       });\njQuery('.wp-video').css('margin','auto');\nvar videoPlayer_A = document.getElementById('video-2926-1');\nvideoPlayer_A.addEventListener('ended',myHandler);\nfunction myHandler(e) {\n\/\/videoPlayer_A.setAttribute('poster', 'https:\/\/www.site-internet-nyon.ch\/wp-content\/uploads\/2022\/01\/e_a_ecoledart.png');\n\/\/videoPlayer_A.load();\/\/ok\njQuery('.mejs-poster').show();\n};\nvideoPlayer_A.addEventListener('play', function () {\njQuery(\"iframe\").each(function() { \n        var src= jQuery(this).attr('src');\n        jQuery(this).attr('src',src);  \n});\n});\n<\/script><\/p>\n<hr \/>\n<h1 class=\"videoPage\" >3. Video en popup<\/h1>\n<p><script>\nfunction onMyFrameLoad() {\n \/\/ alert('myframe is loaded');\nvar iframe = document.getElementById(\"FrameID\");\nvar iframe_contents = iframe.contentDocument.body.innerHTML;\nvar mesPlayer = document.querySelectorAll('video,audio');\nvar hauteurPage = jQuery('iframe').contents().height()-10;\n\/\/console.log(hauteurPage);\/\/ok donne la hauteur\niframe.style.height= hauteurPage+ 'px';\nreturn false;\n};\n<\/script><\/p>\n<p style=\"text-align:center;\">\n<img loading=\"lazy\" decoding=\"async\" class=\"iframe\" onclick='newwin()' style=\"cursor:pointer;\" src=\"https:\/\/www.micheldupuis.ch\/webcreation\/images\/youtube.png\" alt=\"\" width=\"40\" height=\"40\" class=\"alignnone size-full wp-image-717\" \/><\/p>\n<p><script>\nfunction newwin(){\nvar medias = document.querySelectorAll('video,audio');\nfor(var i = 0, len = medias.length; i < len;i++){\nmedias[i].pause();\nif(medias[i].src.split('.').pop() !='mp3'){\nmedias[i].removeAttribute(\"src\");\nmedias[i].currentTime = 0;\n}else{\nmedias[i].currentTime = 0;\n}\njQuery('.mejs-poster').show();\n}\njQuery.colorbox({iframe:true, href:\"https:\/\/www.site-internet-nyon.ch\/wp-content\/uploads\/2022\/01\/numerique.mp4\",width:\"90%\",height: \"60%\"});\njQuery(\"iframe\").each(function() { \n        var src= jQuery(this).attr('src');\n        jQuery(this).attr('src',src);  \n});\n};\n<\/script><\/p>\n<hr \/>\n<div style=\"width:80%;margin:auto\">\n<h1 class=\"videoPage\" >4. Video en boucle (play\/pause sur poster)<\/h1>\n<p><video id=\"error\" loop=\"loop\"  playsinline=\"\" muted=\"\" preload=\"none\" poster=\"https:\/\/www.site-internet-nyon.ch\/wp-content\/uploads\/2022\/01\/404.png\" src=\"https:\/\/www.site-internet-nyon.ch\/wp-content\/uploads\/2022\/01\/error.mp4\" style=\";width:100%;height: 100%;\"><\/video>\n<\/div>\n<p><script>\nvar videoPlayer = document.getElementById('error');\nvideoPlayer.style.cursor='pointer';\n videoPlayer.addEventListener('click', function () {\n if (videoPlayer.paused == false) {\n   videoPlayer.pause();\n\/\/videoPlayer.load();\n        } else {\nvideoPlayer.play();\n        }\n    });\n<\/script><\/p>\n","protected":false},"excerpt":{"rendered":"<p>2. Video sans audio (reste dans \u00e9cran sur iPhone), poster reload \u00e0 la fin 3. Video en popup 4. Video en boucle (play\/pause sur poster)<\/p>\n","protected":false},"author":1,"featured_media":760,"parent":0,"menu_order":0,"comment_status":"closed","ping_status":"closed","template":"","meta":{"_mi_skip_tracking":false,"footnotes":""},"categories":[36],"tags":[],"class_list":["post-2926","page","type-page","status-publish","has-post-thumbnail","hentry","category-onepage"],"yoast_head":"<!-- This site is optimized with the Yoast SEO plugin v19.12 - https:\/\/yoast.com\/wordpress\/plugins\/seo\/ -->\n<title>Vid\u00e9os exemples - Cr\u00e9ation de sites internet - Nyon<\/title>\n<meta name=\"description\" content=\"gifs anim\u00e9s pour votre site web ou vos emails\" \/>\n<meta name=\"robots\" content=\"index, follow, max-snippet:-1, max-image-preview:large, max-video-preview:-1\" \/>\n<link rel=\"canonical\" href=\"https:\/\/www.site-internet-nyon.ch\/?page_id=2926\" \/>\n<meta property=\"og:locale\" content=\"fr_FR\" \/>\n<meta property=\"og:type\" content=\"article\" \/>\n<meta property=\"og:title\" content=\"Vid\u00e9os exemples - Cr\u00e9ation de sites internet - Nyon\" \/>\n<meta property=\"og:description\" content=\"gifs anim\u00e9s pour votre site web ou vos emails\" \/>\n<meta property=\"og:url\" content=\"https:\/\/www.site-internet-nyon.ch\/?page_id=2926\" \/>\n<meta property=\"og:site_name\" content=\"Cr\u00e9ation de sites internet - Nyon\" \/>\n<meta property=\"article:modified_time\" content=\"2022-01-12T07:58:20+00:00\" \/>\n<meta property=\"og:image\" content=\"https:\/\/www.site-internet-nyon.ch\/wp-content\/uploads\/2021\/12\/1470399671_SEO.png\" \/>\n\t<meta property=\"og:image:width\" content=\"128\" \/>\n\t<meta property=\"og:image:height\" content=\"128\" \/>\n\t<meta property=\"og:image:type\" content=\"image\/png\" \/>\n<meta name=\"twitter:card\" content=\"summary_large_image\" \/>\n<script type=\"application\/ld+json\" class=\"yoast-schema-graph\">{\"@context\":\"https:\/\/schema.org\",\"@graph\":[{\"@type\":\"WebPage\",\"@id\":\"https:\/\/www.site-internet-nyon.ch\/?page_id=2926\",\"url\":\"https:\/\/www.site-internet-nyon.ch\/?page_id=2926\",\"name\":\"Vid\u00e9os exemples - Cr\u00e9ation de sites internet - Nyon\",\"isPartOf\":{\"@id\":\"https:\/\/www.site-internet-nyon.ch\/#website\"},\"datePublished\":\"2022-01-11T11:02:31+00:00\",\"dateModified\":\"2022-01-12T07:58:20+00:00\",\"description\":\"gifs anim\u00e9s pour votre site web ou vos emails\",\"breadcrumb\":{\"@id\":\"https:\/\/www.site-internet-nyon.ch\/?page_id=2926#breadcrumb\"},\"inLanguage\":\"fr-FR\",\"potentialAction\":[{\"@type\":\"ReadAction\",\"target\":[\"https:\/\/www.site-internet-nyon.ch\/?page_id=2926\"]}]},{\"@type\":\"BreadcrumbList\",\"@id\":\"https:\/\/www.site-internet-nyon.ch\/?page_id=2926#breadcrumb\",\"itemListElement\":[{\"@type\":\"ListItem\",\"position\":1,\"name\":\"Accueil\",\"item\":\"https:\/\/www.site-internet-nyon.ch\/\"},{\"@type\":\"ListItem\",\"position\":2,\"name\":\"Vid\u00e9os exemples\"}]},{\"@type\":\"WebSite\",\"@id\":\"https:\/\/www.site-internet-nyon.ch\/#website\",\"url\":\"https:\/\/www.site-internet-nyon.ch\/\",\"name\":\"Cr\u00e9ation de sites internet - Nyon\",\"description\":\"cr\u00e9ation site internet nyon\",\"publisher\":{\"@id\":\"https:\/\/www.site-internet-nyon.ch\/#organization\"},\"potentialAction\":[{\"@type\":\"SearchAction\",\"target\":{\"@type\":\"EntryPoint\",\"urlTemplate\":\"https:\/\/www.site-internet-nyon.ch\/?s={search_term_string}\"},\"query-input\":\"required name=search_term_string\"}],\"inLanguage\":\"fr-FR\"},{\"@type\":\"Organization\",\"@id\":\"https:\/\/www.site-internet-nyon.ch\/#organization\",\"name\":\"site internet nyon\",\"url\":\"https:\/\/www.site-internet-nyon.ch\/\",\"logo\":{\"@type\":\"ImageObject\",\"inLanguage\":\"fr-FR\",\"@id\":\"https:\/\/www.site-internet-nyon.ch\/#\/schema\/logo\/image\/\",\"url\":\"https:\/\/www.site-internet-nyon.ch\/wp-content\/uploads\/2021\/12\/cropped-\u2014Pngtree\u2014gear-icon_4812867-e1638386001757-2.png\",\"contentUrl\":\"https:\/\/www.site-internet-nyon.ch\/wp-content\/uploads\/2021\/12\/cropped-\u2014Pngtree\u2014gear-icon_4812867-e1638386001757-2.png\",\"width\":512,\"height\":512,\"caption\":\"site internet nyon\"},\"image\":{\"@id\":\"https:\/\/www.site-internet-nyon.ch\/#\/schema\/logo\/image\/\"}}]}<\/script>\n<!-- \/ Yoast SEO plugin. -->","yoast_head_json":{"title":"Vid\u00e9os exemples - Cr\u00e9ation de sites internet - Nyon","description":"gifs anim\u00e9s pour votre site web ou vos emails","robots":{"index":"index","follow":"follow","max-snippet":"max-snippet:-1","max-image-preview":"max-image-preview:large","max-video-preview":"max-video-preview:-1"},"canonical":"https:\/\/www.site-internet-nyon.ch\/?page_id=2926","og_locale":"fr_FR","og_type":"article","og_title":"Vid\u00e9os exemples - Cr\u00e9ation de sites internet - Nyon","og_description":"gifs anim\u00e9s pour votre site web ou vos emails","og_url":"https:\/\/www.site-internet-nyon.ch\/?page_id=2926","og_site_name":"Cr\u00e9ation de sites internet - Nyon","article_modified_time":"2022-01-12T07:58:20+00:00","og_image":[{"width":128,"height":128,"url":"https:\/\/www.site-internet-nyon.ch\/wp-content\/uploads\/2021\/12\/1470399671_SEO.png","type":"image\/png"}],"twitter_card":"summary_large_image","schema":{"@context":"https:\/\/schema.org","@graph":[{"@type":"WebPage","@id":"https:\/\/www.site-internet-nyon.ch\/?page_id=2926","url":"https:\/\/www.site-internet-nyon.ch\/?page_id=2926","name":"Vid\u00e9os exemples - Cr\u00e9ation de sites internet - Nyon","isPartOf":{"@id":"https:\/\/www.site-internet-nyon.ch\/#website"},"datePublished":"2022-01-11T11:02:31+00:00","dateModified":"2022-01-12T07:58:20+00:00","description":"gifs anim\u00e9s pour votre site web ou vos emails","breadcrumb":{"@id":"https:\/\/www.site-internet-nyon.ch\/?page_id=2926#breadcrumb"},"inLanguage":"fr-FR","potentialAction":[{"@type":"ReadAction","target":["https:\/\/www.site-internet-nyon.ch\/?page_id=2926"]}]},{"@type":"BreadcrumbList","@id":"https:\/\/www.site-internet-nyon.ch\/?page_id=2926#breadcrumb","itemListElement":[{"@type":"ListItem","position":1,"name":"Accueil","item":"https:\/\/www.site-internet-nyon.ch\/"},{"@type":"ListItem","position":2,"name":"Vid\u00e9os exemples"}]},{"@type":"WebSite","@id":"https:\/\/www.site-internet-nyon.ch\/#website","url":"https:\/\/www.site-internet-nyon.ch\/","name":"Cr\u00e9ation de sites internet - Nyon","description":"cr\u00e9ation site internet nyon","publisher":{"@id":"https:\/\/www.site-internet-nyon.ch\/#organization"},"potentialAction":[{"@type":"SearchAction","target":{"@type":"EntryPoint","urlTemplate":"https:\/\/www.site-internet-nyon.ch\/?s={search_term_string}"},"query-input":"required name=search_term_string"}],"inLanguage":"fr-FR"},{"@type":"Organization","@id":"https:\/\/www.site-internet-nyon.ch\/#organization","name":"site internet nyon","url":"https:\/\/www.site-internet-nyon.ch\/","logo":{"@type":"ImageObject","inLanguage":"fr-FR","@id":"https:\/\/www.site-internet-nyon.ch\/#\/schema\/logo\/image\/","url":"https:\/\/www.site-internet-nyon.ch\/wp-content\/uploads\/2021\/12\/cropped-\u2014Pngtree\u2014gear-icon_4812867-e1638386001757-2.png","contentUrl":"https:\/\/www.site-internet-nyon.ch\/wp-content\/uploads\/2021\/12\/cropped-\u2014Pngtree\u2014gear-icon_4812867-e1638386001757-2.png","width":512,"height":512,"caption":"site internet nyon"},"image":{"@id":"https:\/\/www.site-internet-nyon.ch\/#\/schema\/logo\/image\/"}}]}},"_links":{"self":[{"href":"https:\/\/www.site-internet-nyon.ch\/index.php?rest_route=\/wp\/v2\/pages\/2926","targetHints":{"allow":["GET"]}}],"collection":[{"href":"https:\/\/www.site-internet-nyon.ch\/index.php?rest_route=\/wp\/v2\/pages"}],"about":[{"href":"https:\/\/www.site-internet-nyon.ch\/index.php?rest_route=\/wp\/v2\/types\/page"}],"author":[{"embeddable":true,"href":"https:\/\/www.site-internet-nyon.ch\/index.php?rest_route=\/wp\/v2\/users\/1"}],"replies":[{"embeddable":true,"href":"https:\/\/www.site-internet-nyon.ch\/index.php?rest_route=%2Fwp%2Fv2%2Fcomments&post=2926"}],"version-history":[{"count":226,"href":"https:\/\/www.site-internet-nyon.ch\/index.php?rest_route=\/wp\/v2\/pages\/2926\/revisions"}],"predecessor-version":[{"id":3211,"href":"https:\/\/www.site-internet-nyon.ch\/index.php?rest_route=\/wp\/v2\/pages\/2926\/revisions\/3211"}],"wp:featuredmedia":[{"embeddable":true,"href":"https:\/\/www.site-internet-nyon.ch\/index.php?rest_route=\/wp\/v2\/media\/760"}],"wp:attachment":[{"href":"https:\/\/www.site-internet-nyon.ch\/index.php?rest_route=%2Fwp%2Fv2%2Fmedia&parent=2926"}],"wp:term":[{"taxonomy":"category","embeddable":true,"href":"https:\/\/www.site-internet-nyon.ch\/index.php?rest_route=%2Fwp%2Fv2%2Fcategories&post=2926"},{"taxonomy":"post_tag","embeddable":true,"href":"https:\/\/www.site-internet-nyon.ch\/index.php?rest_route=%2Fwp%2Fv2%2Ftags&post=2926"}],"curies":[{"name":"wp","href":"https:\/\/api.w.org\/{rel}","templated":true}]}}