{"id":15,"date":"2014-03-17T16:10:01","date_gmt":"2014-03-17T16:10:01","guid":{"rendered":"http:\/\/demo.themegrill.com\/spacious\/?page_id=15"},"modified":"2022-01-07T15:49:52","modified_gmt":"2022-01-07T14:49:52","slug":"responsive-design","status":"publish","type":"page","link":"https:\/\/www.site-internet-nyon.ch\/?page_id=15","title":{"rendered":"Responsive Design"},"content":{"rendered":"<h3>Cr\u00e9ation de sites internet &#8211; Nyon<\/h3>\n<p><script>\njQuery('.tg-one-half').css('width','45%');\n<\/script><br \/>\nSite web r\u00e9actif: L&rsquo;utilisateur peut ainsi consulter le m\u00eame site web sur plusieurs formats d&rsquo;\u00e9cran.<br \/>\nM\u00eame si en Suisse encore beaucoup de gens naviguent sur Internet depuis leurs lieux de travail, un grand pourcentage utilise des appareils mobiles pour se documenter et chercher des informations.<br \/>\nPour vous faire de la publicit\u00e9, c&rsquo;est vraiment ce public l\u00e0 \u00e0 cibler: donc votre site doit \u00eatre adapt\u00e9 aux tablettes et smartphones : ce qu&rsquo;on appelle un site \u00ab\u00a0web responsive\u00a0\u00bb.<br \/>\nDonc plus jamais cela: <!--<a onclick='newwin_02()' class=\"genericon genericon-info\" style=\"cursor:pointer;font-size: 28px;transform: translate(0px, -5px);color: #79cc8c\"><\/a>--><\/p>\n<h4 id=\"site-title\">site \u00ab&nbsp;responsive&nbsp;\u00bb versus \u00ab&nbsp;non-responsive&nbsp;\u00bb<\/h4>\n<div class=\"tg-one-half\" style=\"width:45%;margin: auto;\">\n<p>Page non responsive:<\/p>\n<p><img decoding=\"async\" loading=\"lazy\" class=\"alignnone size-medium wp-image-1903\" src=\"https:\/\/www.site-internet-nyon.ch\/wp-content\/uploads\/2021\/12\/non_responsive_01-150x300.png\" alt=\"\" srcset=\"https:\/\/www.site-internet-nyon.ch\/wp-content\/uploads\/2021\/12\/non_responsive_01-150x300.png 150w, https:\/\/www.site-internet-nyon.ch\/wp-content\/uploads\/2021\/12\/non_responsive_01.png 500w\" sizes=\"auto, (max-width: 150px) 100vw, 150px\" width=\"150\" height=\"300\"><\/p>\n<\/div>\n<div class=\"tg-one-half\" style=\"width:45%;margin: auto;\">\n<p>Page responsive:<\/p>\n<p><img decoding=\"async\" loading=\"lazy\" class=\"alignnone size-medium wp-image-1902\" src=\"https:\/\/www.site-internet-nyon.ch\/wp-content\/uploads\/2021\/12\/responsive-151x300.png\" alt=\"\" srcset=\"https:\/\/www.site-internet-nyon.ch\/wp-content\/uploads\/2021\/12\/responsive-151x300.png 151w, https:\/\/www.micheldupuis.ch\/webcreation\/wp-content\/uploads\/2021\/12\/responsive.png 502w\" sizes=\"auto, (max-width: 151px) 100vw, 151px\" width=\"151\" height=\"300\"><\/p>\n<\/div>\n<div class=\"clearfix\"><\/div>\n<p>Pour r\u00e9adapter votre site: contactez-nous! Nous nous chargeronons de vous dire si cela et r\u00e9alisable facilement depuis votre site actuel ou si il n&rsquo;est pas plus avantageux de le reconstruire et de lui donner un \u00ab\u00a0coup de neuf\u00a0\u00bb.<br \/>\n<script> \nfunction newwin_02(){\njQuery.colorbox({iframe:true, href:\"https:\/\/www.site-internet-nyon.ch\/?page_id=1905\",width:\"95%\",height: \"85%\"});}\n<\/script><\/p>\n","protected":false},"excerpt":{"rendered":"<p>Site web r\u00e9actif:<br \/>\nL\u2019utilisateur peut ainsi consulter le m\u00eame site web sur plusieurs formats d\u2019\u00e9cran. M\u00eame si en Suisse encore beaucoup de gens naviguent sur Internet depuis leurs lieux de travail, un grand pourcentage utilise des appareils mobiles pour se documenter et chercher des informations.<br \/>\nPlus jamais cela: <a onclick='newwin_02()' class=\"genericon genericon-info\" style=\"cursor:pointer;font-size: 28px;transform: translate(0px, -5px);color: #79cc8c\"><\/a><br \/>\n<script> \nfunction newwin_02(){\njQuery.colorbox({iframe:true, href:\"https:\/\/www.site-internet-nyon.ch\/?page_id=1905\",width:\"95%\",height: \"85%\"});}\n<\/script><\/p>\n","protected":false},"author":1,"featured_media":918,"parent":0,"menu_order":0,"comment_status":"open","ping_status":"open","template":"my_page_droite_select_ext.php","meta":{"_mi_skip_tracking":false,"footnotes":""},"categories":[],"tags":[],"class_list":["post-15","page","type-page","status-publish","has-post-thumbnail","hentry"],"yoast_head":"<!-- This site is optimized with the Yoast SEO plugin v19.12 - https:\/\/yoast.com\/wordpress\/plugins\/seo\/ -->\n<title>Responsive Design - Cr\u00e9ation de sites internet - Nyon<\/title>\n<meta name=\"description\" content=\"Site web r\u00e9actif - Responsive design L\u2019utilisateur peut ainsi consulter le m\u00eame site web sur plusieurs formats d\u2019\u00e9cran.\" \/>\n<meta name=\"robots\" content=\"index, follow, max-snippet:-1, max-image-preview:large, max-video-preview:-1\" \/>\n<link rel=\"canonical\" href=\"https:\/\/www.site-internet-nyon.ch\/?page_id=15\" \/>\n<meta property=\"og:locale\" content=\"fr_FR\" \/>\n<meta property=\"og:type\" content=\"article\" \/>\n<meta property=\"og:title\" content=\"Responsive Design - Cr\u00e9ation de sites internet - Nyon\" \/>\n<meta property=\"og:description\" content=\"Site web r\u00e9actif - Responsive design L\u2019utilisateur peut ainsi consulter le m\u00eame site web sur plusieurs formats d\u2019\u00e9cran.\" \/>\n<meta property=\"og:url\" content=\"https:\/\/www.site-internet-nyon.ch\/?page_id=15\" \/>\n<meta property=\"og:site_name\" content=\"Cr\u00e9ation de sites internet - Nyon\" \/>\n<meta property=\"article:modified_time\" content=\"2022-01-07T14:49:52+00:00\" \/>\n<meta property=\"og:image\" content=\"https:\/\/www.site-internet-nyon.ch\/wp-content\/uploads\/2021\/12\/responsive_150.png\" \/>\n\t<meta property=\"og:image:width\" content=\"150\" \/>\n\t<meta property=\"og:image:height\" content=\"150\" \/>\n\t<meta property=\"og:image:type\" content=\"image\/png\" \/>\n<meta name=\"twitter:card\" content=\"summary_large_image\" \/>\n<meta name=\"twitter:label1\" content=\"Dur\u00e9e de lecture estim\u00e9e\" \/>\n\t<meta name=\"twitter:data1\" content=\"1 minute\" \/>\n<script type=\"application\/ld+json\" class=\"yoast-schema-graph\">{\"@context\":\"https:\/\/schema.org\",\"@graph\":[{\"@type\":\"WebPage\",\"@id\":\"https:\/\/www.site-internet-nyon.ch\/?page_id=15\",\"url\":\"https:\/\/www.site-internet-nyon.ch\/?page_id=15\",\"name\":\"Responsive Design - Cr\u00e9ation de sites internet - Nyon\",\"isPartOf\":{\"@id\":\"https:\/\/www.site-internet-nyon.ch\/#website\"},\"datePublished\":\"2014-03-17T16:10:01+00:00\",\"dateModified\":\"2022-01-07T14:49:52+00:00\",\"description\":\"Site web r\u00e9actif - Responsive design L\u2019utilisateur peut ainsi consulter le m\u00eame site web sur plusieurs formats d\u2019\u00e9cran.\",\"breadcrumb\":{\"@id\":\"https:\/\/www.site-internet-nyon.ch\/?page_id=15#breadcrumb\"},\"inLanguage\":\"fr-FR\",\"potentialAction\":[{\"@type\":\"ReadAction\",\"target\":[\"https:\/\/www.site-internet-nyon.ch\/?page_id=15\"]}]},{\"@type\":\"BreadcrumbList\",\"@id\":\"https:\/\/www.site-internet-nyon.ch\/?page_id=15#breadcrumb\",\"itemListElement\":[{\"@type\":\"ListItem\",\"position\":1,\"name\":\"Accueil\",\"item\":\"https:\/\/www.site-internet-nyon.ch\/\"},{\"@type\":\"ListItem\",\"position\":2,\"name\":\"Responsive Design\"}]},{\"@type\":\"WebSite\",\"@id\":\"https:\/\/www.site-internet-nyon.ch\/#website\",\"url\":\"https:\/\/www.site-internet-nyon.ch\/\",\"name\":\"Cr\u00e9ation de sites internet - Nyon\",\"description\":\"cr\u00e9ation site internet nyon\",\"publisher\":{\"@id\":\"https:\/\/www.site-internet-nyon.ch\/#organization\"},\"potentialAction\":[{\"@type\":\"SearchAction\",\"target\":{\"@type\":\"EntryPoint\",\"urlTemplate\":\"https:\/\/www.site-internet-nyon.ch\/?s={search_term_string}\"},\"query-input\":\"required name=search_term_string\"}],\"inLanguage\":\"fr-FR\"},{\"@type\":\"Organization\",\"@id\":\"https:\/\/www.site-internet-nyon.ch\/#organization\",\"name\":\"site internet nyon\",\"url\":\"https:\/\/www.site-internet-nyon.ch\/\",\"logo\":{\"@type\":\"ImageObject\",\"inLanguage\":\"fr-FR\",\"@id\":\"https:\/\/www.site-internet-nyon.ch\/#\/schema\/logo\/image\/\",\"url\":\"https:\/\/www.site-internet-nyon.ch\/wp-content\/uploads\/2021\/12\/cropped-\u2014Pngtree\u2014gear-icon_4812867-e1638386001757-2.png\",\"contentUrl\":\"https:\/\/www.site-internet-nyon.ch\/wp-content\/uploads\/2021\/12\/cropped-\u2014Pngtree\u2014gear-icon_4812867-e1638386001757-2.png\",\"width\":512,\"height\":512,\"caption\":\"site internet nyon\"},\"image\":{\"@id\":\"https:\/\/www.site-internet-nyon.ch\/#\/schema\/logo\/image\/\"}}]}<\/script>\n<!-- \/ Yoast SEO plugin. -->","yoast_head_json":{"title":"Responsive Design - Cr\u00e9ation de sites internet - Nyon","description":"Site web r\u00e9actif - Responsive design L\u2019utilisateur peut ainsi consulter le m\u00eame site web sur plusieurs formats d\u2019\u00e9cran.","robots":{"index":"index","follow":"follow","max-snippet":"max-snippet:-1","max-image-preview":"max-image-preview:large","max-video-preview":"max-video-preview:-1"},"canonical":"https:\/\/www.site-internet-nyon.ch\/?page_id=15","og_locale":"fr_FR","og_type":"article","og_title":"Responsive Design - Cr\u00e9ation de sites internet - Nyon","og_description":"Site web r\u00e9actif - Responsive design L\u2019utilisateur peut ainsi consulter le m\u00eame site web sur plusieurs formats d\u2019\u00e9cran.","og_url":"https:\/\/www.site-internet-nyon.ch\/?page_id=15","og_site_name":"Cr\u00e9ation de sites internet - Nyon","article_modified_time":"2022-01-07T14:49:52+00:00","og_image":[{"width":150,"height":150,"url":"https:\/\/www.site-internet-nyon.ch\/wp-content\/uploads\/2021\/12\/responsive_150.png","type":"image\/png"}],"twitter_card":"summary_large_image","twitter_misc":{"Dur\u00e9e de lecture estim\u00e9e":"1 minute"},"schema":{"@context":"https:\/\/schema.org","@graph":[{"@type":"WebPage","@id":"https:\/\/www.site-internet-nyon.ch\/?page_id=15","url":"https:\/\/www.site-internet-nyon.ch\/?page_id=15","name":"Responsive Design - Cr\u00e9ation de sites internet - Nyon","isPartOf":{"@id":"https:\/\/www.site-internet-nyon.ch\/#website"},"datePublished":"2014-03-17T16:10:01+00:00","dateModified":"2022-01-07T14:49:52+00:00","description":"Site web r\u00e9actif - Responsive design L\u2019utilisateur peut ainsi consulter le m\u00eame site web sur plusieurs formats d\u2019\u00e9cran.","breadcrumb":{"@id":"https:\/\/www.site-internet-nyon.ch\/?page_id=15#breadcrumb"},"inLanguage":"fr-FR","potentialAction":[{"@type":"ReadAction","target":["https:\/\/www.site-internet-nyon.ch\/?page_id=15"]}]},{"@type":"BreadcrumbList","@id":"https:\/\/www.site-internet-nyon.ch\/?page_id=15#breadcrumb","itemListElement":[{"@type":"ListItem","position":1,"name":"Accueil","item":"https:\/\/www.site-internet-nyon.ch\/"},{"@type":"ListItem","position":2,"name":"Responsive Design"}]},{"@type":"WebSite","@id":"https:\/\/www.site-internet-nyon.ch\/#website","url":"https:\/\/www.site-internet-nyon.ch\/","name":"Cr\u00e9ation de sites internet - Nyon","description":"cr\u00e9ation site internet nyon","publisher":{"@id":"https:\/\/www.site-internet-nyon.ch\/#organization"},"potentialAction":[{"@type":"SearchAction","target":{"@type":"EntryPoint","urlTemplate":"https:\/\/www.site-internet-nyon.ch\/?s={search_term_string}"},"query-input":"required name=search_term_string"}],"inLanguage":"fr-FR"},{"@type":"Organization","@id":"https:\/\/www.site-internet-nyon.ch\/#organization","name":"site internet nyon","url":"https:\/\/www.site-internet-nyon.ch\/","logo":{"@type":"ImageObject","inLanguage":"fr-FR","@id":"https:\/\/www.site-internet-nyon.ch\/#\/schema\/logo\/image\/","url":"https:\/\/www.site-internet-nyon.ch\/wp-content\/uploads\/2021\/12\/cropped-\u2014Pngtree\u2014gear-icon_4812867-e1638386001757-2.png","contentUrl":"https:\/\/www.site-internet-nyon.ch\/wp-content\/uploads\/2021\/12\/cropped-\u2014Pngtree\u2014gear-icon_4812867-e1638386001757-2.png","width":512,"height":512,"caption":"site internet nyon"},"image":{"@id":"https:\/\/www.site-internet-nyon.ch\/#\/schema\/logo\/image\/"}}]}},"_links":{"self":[{"href":"https:\/\/www.site-internet-nyon.ch\/index.php?rest_route=\/wp\/v2\/pages\/15","targetHints":{"allow":["GET"]}}],"collection":[{"href":"https:\/\/www.site-internet-nyon.ch\/index.php?rest_route=\/wp\/v2\/pages"}],"about":[{"href":"https:\/\/www.site-internet-nyon.ch\/index.php?rest_route=\/wp\/v2\/types\/page"}],"author":[{"embeddable":true,"href":"https:\/\/www.site-internet-nyon.ch\/index.php?rest_route=\/wp\/v2\/users\/1"}],"replies":[{"embeddable":true,"href":"https:\/\/www.site-internet-nyon.ch\/index.php?rest_route=%2Fwp%2Fv2%2Fcomments&post=15"}],"version-history":[{"count":141,"href":"https:\/\/www.site-internet-nyon.ch\/index.php?rest_route=\/wp\/v2\/pages\/15\/revisions"}],"predecessor-version":[{"id":2780,"href":"https:\/\/www.site-internet-nyon.ch\/index.php?rest_route=\/wp\/v2\/pages\/15\/revisions\/2780"}],"wp:featuredmedia":[{"embeddable":true,"href":"https:\/\/www.site-internet-nyon.ch\/index.php?rest_route=\/wp\/v2\/media\/918"}],"wp:attachment":[{"href":"https:\/\/www.site-internet-nyon.ch\/index.php?rest_route=%2Fwp%2Fv2%2Fmedia&parent=15"}],"wp:term":[{"taxonomy":"category","embeddable":true,"href":"https:\/\/www.site-internet-nyon.ch\/index.php?rest_route=%2Fwp%2Fv2%2Fcategories&post=15"},{"taxonomy":"post_tag","embeddable":true,"href":"https:\/\/www.site-internet-nyon.ch\/index.php?rest_route=%2Fwp%2Fv2%2Ftags&post=15"}],"curies":[{"name":"wp","href":"https:\/\/api.w.org\/{rel}","templated":true}]}}